{"id":2,"date":"2023-02-22T19:16:59","date_gmt":"2023-02-22T19:16:59","guid":{"rendered":"https:\/\/ngcontainer.cl\/?page_id=2"},"modified":"2023-02-27T14:59:03","modified_gmt":"2023-02-27T14:59:03","slug":"home","status":"publish","type":"page","link":"https:\/\/ngcontainer.cl\/","title":{"rendered":"Home"},"content":{"rendered":"\n\n\n\n\n\n\n\n\n\n\n\n\n\n\n\n\n\n\n\n\n<h4 style=\"font-size: 25px; text-transform: uppercase; letter-spacing: 5px; line-height: 1em !important;\"><font style=\"vertical-align: inherit; text-decoration-style: solid !important; line-height: 1em !important;\">\u00bfC\u00d3MO CREAMOS&nbsp;<\/font><span style=\"color: rgb(254, 178, 9); text-decoration-style: solid !important; line-height: 1em !important;\">TU OFICINA?<\/span><\/h4>\n\n\n<h2><span style=\"font-weight: normal;\">Fabrica de m\u00f3dulos tipo container en estructura met\u00e1lica, con los mejores materiales del mercado.\n\n\n\nPara colegios, oficinas, faenas y proyectos especiales.<\/span><\/h2>\n\n\n\n\n\n\n\n\n\n\n\n\n\n\n\n\n<h4><font style=\"vertical-align: inherit;\"><font style=\"vertical-align: inherit;\">M\u00f3dulos de <\/font><\/font><span style=\"color: #FEB209;\"><font style=\"vertical-align: inherit;\"><font style=\"vertical-align: inherit;\">oficina<\/font><\/font><\/span><\/h4>\n<span style=\"background-color: rgb(255, 255, 255); color: rgb(98, 98, 98); font-family: Manrope, -apple-system, BlinkMacSystemFont, &quot;Segoe UI&quot;, Roboto, Oxygen-Sans, Ubuntu, Cantarell, &quot;Helvetica Neue&quot;, sans-serif; font-size: 18px;\"><font style=\"vertical-align: inherit;\"><font style=\"vertical-align: inherit;\">Las oficinas modulares personalizadas fabricadas con contenedores. <\/font><font style=\"vertical-align: inherit;\">Somos l\u00edderes de la construcci\u00f3n de m\u00f3dulos para colegios, oficinas, faenas.<\/font><\/font><\/span><ul><li><font color=\"#626262\" face=\"Manrope, -apple-system, BlinkMacSystemFont, Segoe UI, Roboto, Oxygen-Sans, Ubuntu, Cantarell, Helvetica Neue, sans-serif\"><span style=\"font-size: 18px; background-color: rgb(255, 255, 255);\"><font style=\"vertical-align: inherit;\"><font style=\"vertical-align: inherit;\"><font style=\"vertical-align: inherit;\"><font style=\"vertical-align: inherit;\">Tiempo de Construcci\u00f3n R\u00e1pida.<\/font><\/font><\/font><\/font><\/span><\/font><\/li><li><font color=\"#626262\" face=\"Manrope, -apple-system, BlinkMacSystemFont, Segoe UI, Roboto, Oxygen-Sans, Ubuntu, Cantarell, Helvetica Neue, sans-serif\"><span style=\"font-size: 18px; background-color: rgb(255, 255, 255);\"><font style=\"vertical-align: inherit;\"><font style=\"vertical-align: inherit;\"><font style=\"vertical-align: inherit;\"><font style=\"vertical-align: inherit;\">Ampliables, Originales, Resistentes, Duraderos, Reubicables.<\/font><\/font><\/font><\/font><\/span><\/font><\/li><li><font color=\"#626262\" face=\"Manrope, -apple-system, BlinkMacSystemFont, Segoe UI, Roboto, Oxygen-Sans, Ubuntu, Cantarell, Helvetica Neue, sans-serif\"><span style=\"font-size: 18px; background-color: rgb(255, 255, 255);\"><font style=\"vertical-align: inherit;\"><font style=\"vertical-align: inherit;\"><font style=\"vertical-align: inherit;\"><font style=\"vertical-align: inherit;\">Dise\u00f1os y Configuraciones Altamente Personalizables.<\/font><\/font><\/font><\/font><\/span><\/font><\/li><li><span style=\"background-color: rgb(255, 255, 255); font-size: 18px; color: rgb(98, 98, 98); font-family: Manrope, -apple-system, BlinkMacSystemFont, &quot;Segoe UI&quot;, Roboto, Oxygen-Sans, Ubuntu, Cantarell, &quot;Helvetica Neue&quot;, sans-serif;\"><font style=\"vertical-align: inherit;\"><font style=\"vertical-align: inherit;\">C\u00f3modos.<\/font><\/font><\/span><\/li><\/ul><span style=\"background-color: rgb(255, 255, 255); color: rgb(98, 98, 98); font-family: Manrope, -apple-system, BlinkMacSystemFont, &quot;Segoe UI&quot;, Roboto, Oxygen-Sans, Ubuntu, Cantarell, &quot;Helvetica Neue&quot;, sans-serif; font-size: 18px;\"><font style=\"vertical-align: inherit;\"><font style=\"vertical-align: inherit;\">Las oficinas construidas con contenedores son una opci\u00f3n m\u00e1s vers\u00e1til, novedosa y de r\u00e1pida construcci\u00f3n que el ladrillo, aportando tambi\u00e9n la ventaja de no ir ancladas al suelo, y de ser ampliables o transportables en cualquier momento.&nbsp;<\/font><\/font><\/span><font color=\"#626262\" face=\"Manrope, -apple-system, BlinkMacSystemFont, Segoe UI, Roboto, Oxygen-Sans, Ubuntu, Cantarell, Helvetica Neue, sans-serif\"><span style=\"font-size: 18px;\"><font style=\"vertical-align: inherit;\"><font style=\"vertical-align: inherit;\">Ya sea para una oficina de teletrabajo en el jard\u00edn, o para una oficina comercial robusta ubicada en calle para trabajar o recibir clientes, NGContainer fabrica un espacio personalizado, c\u00f3modo y acogedor.<\/font><\/font><\/span><\/font><br>\n\n\n\n\n\n\n\n\n\n\n\n\n\n\n<h4 style=\"font-size: 30px; text-transform: uppercase; letter-spacing: 5px; text-align: center; font-weight: 700 !important; line-height: 1em !important;\"><font style=\"vertical-align: inherit; text-decoration-style: solid !important; line-height: 1em !important;\">VIDEOS DE&nbsp;<\/font><span style=\"color: rgb(254, 178, 9); text-decoration-style: solid !important; line-height: 1em !important;\">NUESTROS PROYECTOS<\/span><\/h4>\n\n\n\n\n\n<h3><font style=\"vertical-align: inherit;\"><font style=\"vertical-align: inherit;\"><font style=\"vertical-align: inherit;\"><font style=\"vertical-align: inherit;\">Modulo d<\/font><\/font><\/font><\/font><span style=\"color: #FEB209;\"><font style=\"vertical-align: inherit;\"><font style=\"vertical-align: inherit;\"><font style=\"vertical-align: inherit;\"><font style=\"vertical-align: inherit;\">e Oficina<\/font><\/font><\/font><\/font><\/span><\/h3>\n<h5><font style=\"vertical-align: inherit;\"><font style=\"vertical-align: inherit;\"><font style=\"vertical-align: inherit;\"><font style=\"vertical-align: inherit;\">Medidas 20 pies y 10 Pies<\/font><\/font><\/font><\/font><\/h5>\n\n\n\n\n\n<h3><font style=\"vertical-align: inherit;\"><font style=\"vertical-align: inherit;\"><font style=\"vertical-align: inherit;\"><font style=\"vertical-align: inherit;\">Modulo d<\/font><\/font><\/font><\/font><span style=\"color: #FEB209;\"><font style=\"vertical-align: inherit;\"><font style=\"vertical-align: inherit;\"><font style=\"vertical-align: inherit;\"><font style=\"vertical-align: inherit;\">e Oficina<\/font><\/font><\/font><\/font><\/span><\/h3>\n<h3><font style=\"vertical-align: inherit;\"><font style=\"vertical-align: inherit;\"><font style=\"vertical-align: inherit;\"><font style=\"vertical-align: inherit;\">Con Ba<\/font><\/font><\/font><\/font><span style=\"color: #FEB209;\"><font style=\"vertical-align: inherit;\"><font style=\"vertical-align: inherit;\"><font style=\"vertical-align: inherit;\"><font style=\"vertical-align: inherit;\">\u00f1o completo<\/font><\/font><\/font><\/font><\/span><\/h3>\n<h5><font style=\"vertical-align: inherit;\"><font style=\"vertical-align: inherit;\"><font style=\"vertical-align: inherit;\"><font style=\"vertical-align: inherit;\"><font style=\"vertical-align: inherit;\"><font style=\"vertical-align: inherit;\">Medidas 20 pies<\/font><\/font><\/font><\/font><\/font><\/font><\/h5>\n\n\n\n\n\n\n\n\n\n\n\n\n\n\n\n<h4 style=\"font-size: 25px; text-transform: uppercase; letter-spacing: 5px; text-align: center; font-weight: 600 !important; line-height: 1em !important;\"><font style=\"vertical-align: inherit; text-decoration-style: solid !important; line-height: 1em !important;\"><font style=\"vertical-align: inherit;\"><font style=\"vertical-align: inherit;\">S\u00d3LO MATERIALES&nbsp;<\/font><\/font><\/font><span style=\"color: rgb(254, 178, 9); text-decoration-style: solid !important; line-height: 1em !important;\"><font style=\"vertical-align: inherit;\"><font style=\"vertical-align: inherit;\">DE CALIDAD<\/font><\/font><\/span><\/h4>\n\n\n\n\n\n\n\n\n<h4><font style=\"vertical-align: inherit;\"><font style=\"vertical-align: inherit;\"><font style=\"vertical-align: inherit;\"><font style=\"vertical-align: inherit;\">Trabajamos con las mejores marcas del mercado, aislamientos, revestimientos, carpinter\u00eda, acabados&#8230; Te ofrecemos una amplia gama para que tu ofician tenga la mejor equipaci\u00f3n.<\/font><\/font><\/font><\/font><\/h4>\n\n\n\n\n\n","protected":false},"excerpt":{"rendered":"","protected":false},"author":1,"featured_media":0,"parent":0,"menu_order":0,"comment_status":"closed","ping_status":"closed","template":"","meta":{"footnotes":""},"class_list":["post-2","page","type-page","status-publish","hentry"],"_links":{"self":[{"href":"https:\/\/ngcontainer.cl\/index.php\/wp-json\/wp\/v2\/pages\/2","targetHints":{"allow":["GET"]}}],"collection":[{"href":"https:\/\/ngcontainer.cl\/index.php\/wp-json\/wp\/v2\/pages"}],"about":[{"href":"https:\/\/ngcontainer.cl\/index.php\/wp-json\/wp\/v2\/types\/page"}],"author":[{"embeddable":true,"href":"https:\/\/ngcontainer.cl\/index.php\/wp-json\/wp\/v2\/users\/1"}],"replies":[{"embeddable":true,"href":"https:\/\/ngcontainer.cl\/index.php\/wp-json\/wp\/v2\/comments?post=2"}],"version-history":[{"count":94,"href":"https:\/\/ngcontainer.cl\/index.php\/wp-json\/wp\/v2\/pages\/2\/revisions"}],"predecessor-version":[{"id":310,"href":"https:\/\/ngcontainer.cl\/index.php\/wp-json\/wp\/v2\/pages\/2\/revisions\/310"}],"wp:attachment":[{"href":"https:\/\/ngcontainer.cl\/index.php\/wp-json\/wp\/v2\/media?parent=2"}],"curies":[{"name":"wp","href":"https:\/\/api.w.org\/{rel}","templated":true}]}}